{"id":1155,"date":"2022-08-11T20:08:42","date_gmt":"2022-08-11T20:08:42","guid":{"rendered":"https:\/\/online.dentalcenter-ixtlahuaca.com\/?post_type=product&#038;p=1155"},"modified":"2022-08-11T20:08:43","modified_gmt":"2022-08-11T20:08:43","slug":"rayos-x-dental-corix-junior","status":"publish","type":"product","link":"https:\/\/online.dentalcenter-ixtlahuaca.com\/?product=rayos-x-dental-corix-junior","title":{"rendered":"RAYOS X DENTAL CORIX JUNIOR"},"content":{"rendered":"<p>Equipo de rayos X de uso dental modelo Junior de la marca Corix<\/p>\n<ul>\n<li>Radiograf\u00edas de alta calidad, con la menor dosis de radiaci\u00f3n.<\/li>\n<li>El microprocesador asegura una protecci\u00f3n autom\u00e1tica contra el sobrecalentamiento, extendiendo la vida \u00fatil del tubo de rayos-x.<\/li>\n<li>Garant\u00eda de 1 a\u00f1o, por defecto de fabrica.<\/li>\n<li>VOLTAJE DE ALIMENTACI\u00d3N: 120 \u2013 127 \u2013 230 V. a.c. +\/-10%, 50\/60Hz. (Como se especifica en los manuales t\u00e9cnicos)<\/li>\n<li>CONSUMO DE POTENCIA: 920 V.A.<\/li>\n<li>POTENCIAL DEL TUBO: 70 KVp +\/- 7%.<\/li>\n<li>CORRIENTE AN\u00d3DICA: 8 mA +\/- 15%.<\/li>\n<li>RANGO DE TIEMPOS DE EXPOSICI\u00d3N: 0.03 \u2013 3.00 s., en pasos de 0.01 s. Nota: El tiempo de precalentamiento del tubo RX no se adiciona al valor seleccionado.<\/li>\n<li>CICLO DE FUNCIONAMIENTO: 1:30 (1s. de encendido por cada 30s. de apagado, controlado por el microprocesador).<\/li>\n<li>DISTANCIA FOCAL M\u00cdNIMA: 200 mm. (8\u2033)<\/li>\n<\/ul>\n","protected":false},"excerpt":{"rendered":"<p>Equipo de rayos X de uso dental modelo Junior de la marca Corix Radiograf\u00edas de alta calidad, con la menor&#8230;<\/p>\n","protected":false},"featured_media":1156,"comment_status":"open","ping_status":"closed","template":"","meta":[],"product_cat":[46],"product_tag":[],"class_list":{"0":"post-1155","1":"product","2":"type-product","3":"status-publish","4":"has-post-thumbnail","6":"product_cat-radiologia","8":"first","9":"instock","10":"shipping-taxable","11":"purchasable","12":"product-type-simple"},"_links":{"self":[{"href":"https:\/\/online.dentalcenter-ixtlahuaca.com\/index.php?rest_route=\/wp\/v2\/product\/1155","targetHints":{"allow":["GET"]}}],"collection":[{"href":"https:\/\/online.dentalcenter-ixtlahuaca.com\/index.php?rest_route=\/wp\/v2\/product"}],"about":[{"href":"https:\/\/online.dentalcenter-ixtlahuaca.com\/index.php?rest_route=\/wp\/v2\/types\/product"}],"replies":[{"embeddable":true,"href":"https:\/\/online.dentalcenter-ixtlahuaca.com\/index.php?rest_route=%2Fwp%2Fv2%2Fcomments&post=1155"}],"wp:featuredmedia":[{"embeddable":true,"href":"https:\/\/online.dentalcenter-ixtlahuaca.com\/index.php?rest_route=\/wp\/v2\/media\/1156"}],"wp:attachment":[{"href":"https:\/\/online.dentalcenter-ixtlahuaca.com\/index.php?rest_route=%2Fwp%2Fv2%2Fmedia&parent=1155"}],"wp:term":[{"taxonomy":"product_cat","embeddable":true,"href":"https:\/\/online.dentalcenter-ixtlahuaca.com\/index.php?rest_route=%2Fwp%2Fv2%2Fproduct_cat&post=1155"},{"taxonomy":"product_tag","embeddable":true,"href":"https:\/\/online.dentalcenter-ixtlahuaca.com\/index.php?rest_route=%2Fwp%2Fv2%2Fproduct_tag&post=1155"}],"curies":[{"name":"wp","href":"https:\/\/api.w.org\/{rel}","templated":true}]}}