{"id":1151,"date":"2022-08-11T19:57:33","date_gmt":"2022-08-11T19:57:33","guid":{"rendered":"https:\/\/online.dentalcenter-ixtlahuaca.com\/?post_type=product&#038;p=1151"},"modified":"2022-08-11T19:57:33","modified_gmt":"2022-08-11T19:57:33","slug":"desensibilize-kf-2-fgm","status":"publish","type":"product","link":"https:\/\/online.dentalcenter-ixtlahuaca.com\/?product=desensibilize-kf-2-fgm","title":{"rendered":"DESENSIBILIZE KF 2%. FGM"},"content":{"rendered":"<p>Desensibilize KF al 2% de la marca FGM<\/p>\n<p>Jeringa con 2.5 gr. de gel desensibilizante<br \/>\nDoble acci\u00f3n desensibilizante: nitrato de potasio + fluoruro de sodio.<br \/>\nExcelente consistencia: f\u00e1cil aplicaci\u00f3n en la f\u00e9rula.<br \/>\nPuede ser usado antes o despu\u00e9s del blanqueamiento dental.<br \/>\nSe puede usar tambi\u00e9n como agente remineralizante tras un tratamiento por microabrasi\u00f3n.<\/p>\n","protected":false},"excerpt":{"rendered":"<p>Desensibilize KF al 2% de la marca FGM Jeringa con 2.5 gr. de gel desensibilizante Doble acci\u00f3n desensibilizante: nitrato de&#8230;<\/p>\n","protected":false},"featured_media":1152,"comment_status":"open","ping_status":"closed","template":"","meta":[],"product_cat":[42],"product_tag":[],"class_list":{"0":"post-1151","1":"product","2":"type-product","3":"status-publish","4":"has-post-thumbnail","6":"product_cat-estetica","8":"first","9":"instock","10":"shipping-taxable","11":"purchasable","12":"product-type-simple"},"_links":{"self":[{"href":"https:\/\/online.dentalcenter-ixtlahuaca.com\/index.php?rest_route=\/wp\/v2\/product\/1151","targetHints":{"allow":["GET"]}}],"collection":[{"href":"https:\/\/online.dentalcenter-ixtlahuaca.com\/index.php?rest_route=\/wp\/v2\/product"}],"about":[{"href":"https:\/\/online.dentalcenter-ixtlahuaca.com\/index.php?rest_route=\/wp\/v2\/types\/product"}],"replies":[{"embeddable":true,"href":"https:\/\/online.dentalcenter-ixtlahuaca.com\/index.php?rest_route=%2Fwp%2Fv2%2Fcomments&post=1151"}],"wp:featuredmedia":[{"embeddable":true,"href":"https:\/\/online.dentalcenter-ixtlahuaca.com\/index.php?rest_route=\/wp\/v2\/media\/1152"}],"wp:attachment":[{"href":"https:\/\/online.dentalcenter-ixtlahuaca.com\/index.php?rest_route=%2Fwp%2Fv2%2Fmedia&parent=1151"}],"wp:term":[{"taxonomy":"product_cat","embeddable":true,"href":"https:\/\/online.dentalcenter-ixtlahuaca.com\/index.php?rest_route=%2Fwp%2Fv2%2Fproduct_cat&post=1151"},{"taxonomy":"product_tag","embeddable":true,"href":"https:\/\/online.dentalcenter-ixtlahuaca.com\/index.php?rest_route=%2Fwp%2Fv2%2Fproduct_tag&post=1151"}],"curies":[{"name":"wp","href":"https:\/\/api.w.org\/{rel}","templated":true}]}}